{"id":70,"date":"2026-03-22T09:27:08","date_gmt":"2026-03-22T09:27:08","guid":{"rendered":"https:\/\/mecom.dk\/services\/"},"modified":"2026-04-10T11:09:55","modified_gmt":"2026-04-10T11:09:55","slug":"services","status":"publish","type":"page","link":"https:\/\/mecom.dk\/da\/services\/","title":{"rendered":"Serviceydelser"},"content":{"rendered":"<div class=\"wp-block-group alignfull airo-section-cb1e6f44-43ac-4332-a32d-8e65c0e11568 has-base-background-color has-background has-global-padding is-layout-constrained wp-block-group-is-layout-constrained\" style=\"padding-top:var(--wp--preset--spacing--70);padding-bottom:var(--wp--preset--spacing--70)\">\n<div class=\"wp-block-columns are-vertically-aligned-center is-layout-flex wp-container-core-columns-is-layout-28f84493 wp-block-columns-is-layout-flex\">\n<div class=\"wp-block-column is-vertically-aligned-center is-layout-flow wp-block-column-is-layout-flow\">\n<h6 class=\"wp-block-heading\">Serviceydelser<\/h6>\n\n\n\n<h1 class=\"wp-block-heading\">Arabisk kommunikationsst\u00f8tte til teams, der arbejder p\u00e5 tv\u00e6rs af Mellem\u00f8sten<\/h1>\n\n\n\n<p>Vi hj\u00e6lper organisationer med at kommunikere klart p\u00e5 arabisk, tilpasse tonen til brandets m\u00e5ls\u00e6tning og navigere i kulturelle nuancer, s\u00e5 dit budskab lander med trov\u00e6rdighed og respekt.<\/p>\n\n\n\n<div class=\"wp-block-buttons is-layout-flex wp-block-buttons-is-layout-flex\">\n<div class=\"wp-block-button\"><a class=\"wp-block-button__link wp-element-button\" href=\"\/da\/contact\/\">Anmod om en konsultation<\/a><\/div>\n\n\n\n<div class=\"wp-block-button is-style-outline is-style-outline--1\"><a class=\"wp-block-button__link wp-element-button\" href=\"\/da\/contact\/\">Kontakt os<\/a><\/div>\n<\/div>\n<\/div>\n\n\n\n<div class=\"wp-block-column is-vertically-aligned-center is-layout-flow wp-block-column-is-layout-flow\">\n<figure class=\"wp-block-image size-large\"><img loading=\"lazy\" decoding=\"async\" width=\"2121\" height=\"1414\" src=\"https:\/\/mecom.dk\/wp-content\/uploads\/2026\/03\/2256067925.jpg\" alt=\"Modern Middle East skyline at sunset\" class=\"wp-image-38\" srcset=\"https:\/\/mecom.dk\/wp-content\/uploads\/2026\/03\/2256067925.jpg 2121w, https:\/\/mecom.dk\/wp-content\/uploads\/2026\/03\/2256067925-300x200.jpg 300w, https:\/\/mecom.dk\/wp-content\/uploads\/2026\/03\/2256067925-1024x683.jpg 1024w, https:\/\/mecom.dk\/wp-content\/uploads\/2026\/03\/2256067925-768x512.jpg 768w, https:\/\/mecom.dk\/wp-content\/uploads\/2026\/03\/2256067925-1536x1024.jpg 1536w, https:\/\/mecom.dk\/wp-content\/uploads\/2026\/03\/2256067925-2048x1365.jpg 2048w\" sizes=\"auto, (max-width: 2121px) 100vw, 2121px\" \/><\/figure>\n<\/div>\n<\/div>\n<\/div>\n\n\n\n<div class=\"wp-block-designsetgo-section alignfull dsgo-stack airo-section-c11b76b1-f2a7-4191-8cd8-1288f50cc385 has-base-background-color has-background\" style=\"padding-top:var(--wp--preset--spacing--70);padding-right:var(--wp--preset--spacing--30);padding-bottom:var(--wp--preset--spacing--70);padding-left:var(--wp--preset--spacing--30)\"><div class=\"dsgo-stack__inner is-layout-flex wp-container-designsetgo-section-is-layout-a1f1d361 wp-block-designsetgo-section-is-layout-flex\" style=\"max-width:var(--wp--style--global--content-size, 1140px);margin-left:auto;margin-right:auto\">\n<div class=\"wp-block-group is-vertical is-layout-flex wp-container-core-group-is-layout-98bb686d wp-block-group-is-layout-flex\">\n<h6 class=\"wp-block-heading has-dsgo-animation dsgo-animation-fadeInUp\" data-dsgo-animation-enabled=\"true\" data-dsgo-entrance-animation=\"fadeInUp\">Hvad vi g\u00f8r<\/h6>\n\n\n\n<h2 class=\"wp-block-heading has-dsgo-animation dsgo-animation-fadeInUp\" data-dsgo-animation-enabled=\"true\" data-dsgo-entrance-animation=\"fadeInUp\" data-dsgo-animation-delay=\"100\">Kerneydelser<\/h2>\n\n\n\n<p class=\"has-contrast-2-color has-text-color has-dsgo-animation dsgo-animation-fadeInUp\" data-dsgo-animation-enabled=\"true\" data-dsgo-entrance-animation=\"fadeInUp\" data-dsgo-animation-delay=\"200\">V\u00e6lg fokuseret support eller kombiner serviceydelser til et skr\u00e6ddersyet engagement. Hvert projekt h\u00e5ndteres med en formel, kvalitetsorienteret tilgang og klare leverancer.<\/p>\n<\/div>\n\n\n\n<div class=\"wp-block-designsetgo-grid alignfull dsgo-grid dsgo-grid-cols-3 dsgo-grid-cols-tablet-2 dsgo-grid-cols-mobile-1 dsgo-no-width-constraint\" style=\"padding-top:0;padding-right:0;padding-bottom:0;padding-left:0\"><div class=\"dsgo-grid__inner is-layout-flow wp-container-designsetgo-grid-is-layout-197e6000 wp-block-designsetgo-grid-is-layout-flow\" style=\"display:grid;grid-template-columns:repeat(3, 1fr);align-items:stretch;row-gap:var(--wp--preset--spacing--40);column-gap:var(--wp--preset--spacing--40)\">\n<div class=\"wp-block-designsetgo-section alignfull dsgo-stack has-dsgo-animation dsgo-animation-fadeInUp\" style=\"padding-top:0;padding-right:0;padding-bottom:0;padding-left:0\" data-dsgo-animation-enabled=\"true\" data-dsgo-entrance-animation=\"fadeInUp\"><div class=\"dsgo-stack__inner is-vertical is-content-justification-left is-layout-flex wp-container-designsetgo-section-is-layout-1a19eec0 wp-block-designsetgo-section-is-layout-flex\" style=\"max-width:var(--wp--style--global--content-size, 1140px);margin-left:auto;margin-right:auto\">\n<figure class=\"wp-block-image size-large\"><img loading=\"lazy\" decoding=\"async\" width=\"2121\" height=\"1414\" src=\"https:\/\/mecom.dk\/wp-content\/uploads\/2026\/03\/1032702260.jpg\" alt=\"Consultant presenting a strategy workshop\" class=\"wp-image-41\" style=\"aspect-ratio:4\/3;object-fit:cover\" srcset=\"https:\/\/mecom.dk\/wp-content\/uploads\/2026\/03\/1032702260.jpg 2121w, https:\/\/mecom.dk\/wp-content\/uploads\/2026\/03\/1032702260-300x200.jpg 300w, https:\/\/mecom.dk\/wp-content\/uploads\/2026\/03\/1032702260-1024x683.jpg 1024w, https:\/\/mecom.dk\/wp-content\/uploads\/2026\/03\/1032702260-768x512.jpg 768w, https:\/\/mecom.dk\/wp-content\/uploads\/2026\/03\/1032702260-1536x1024.jpg 1536w, https:\/\/mecom.dk\/wp-content\/uploads\/2026\/03\/1032702260-2048x1365.jpg 2048w\" sizes=\"auto, (max-width: 2121px) 100vw, 2121px\" \/><\/figure>\n\n\n\n<h4 class=\"wp-block-heading\">Arabisk kommunikationsstrategi<\/h4>\n\n\n\n<p class=\"has-contrast-2-color has-text-color\" style=\"padding-bottom:var(--wp--preset--spacing--30)\">Vejledning i budskaber og indhold, der er skr\u00e6ddersyet til arabisktalende m\u00e5lgrupper og tilpasset dine m\u00e5l og dit brands tone.<\/p>\n\n\n\n<a class=\"wp-block-designsetgo-icon-button alignleft dsgo-icon-button wp-block-button wp-block-button__link wp-element-button dsgo-icon-button--fill-diagonal\" style=\"display:inline-flex;align-items:center;justify-content:center;gap:8px;width:auto;flex-direction:row-reverse\" href=\"\/da\/contact\/\" target=\"_self\"><span class=\"dsgo-icon-button__icon dsgo-lazy-icon\" style=\"display:flex;align-items:center;justify-content:center;width:20px;height:20px;flex-shrink:0\" data-icon-name=\"arrow-right\" data-icon-size=\"20\"><\/span><span class=\"dsgo-icon-button__text\">Diskuter dine m\u00e5l<\/span><\/a>\n<\/div><\/div>\n\n\n\n<div class=\"wp-block-designsetgo-section alignfull dsgo-stack has-dsgo-animation dsgo-animation-fadeInUp\" style=\"padding-top:0;padding-right:0;padding-bottom:0;padding-left:0\" data-dsgo-animation-enabled=\"true\" data-dsgo-entrance-animation=\"fadeInUp\" data-dsgo-animation-delay=\"100\"><div class=\"dsgo-stack__inner is-vertical is-content-justification-left is-layout-flex wp-container-designsetgo-section-is-layout-1a19eec0 wp-block-designsetgo-section-is-layout-flex\" style=\"max-width:var(--wp--style--global--content-size, 1140px);margin-left:auto;margin-right:auto\">\n<figure class=\"wp-block-image size-large\"><img loading=\"lazy\" decoding=\"async\" width=\"2560\" height=\"1440\" src=\"https:\/\/mecom.dk\/wp-content\/uploads\/2026\/03\/1494347825.jpg\" alt=\"Editing desk with software on a computer screen\" class=\"wp-image-48\" style=\"aspect-ratio:4\/3;object-fit:cover\" srcset=\"https:\/\/mecom.dk\/wp-content\/uploads\/2026\/03\/1494347825.jpg 2560w, https:\/\/mecom.dk\/wp-content\/uploads\/2026\/03\/1494347825-300x169.jpg 300w, https:\/\/mecom.dk\/wp-content\/uploads\/2026\/03\/1494347825-1024x576.jpg 1024w, https:\/\/mecom.dk\/wp-content\/uploads\/2026\/03\/1494347825-768x432.jpg 768w, https:\/\/mecom.dk\/wp-content\/uploads\/2026\/03\/1494347825-1536x864.jpg 1536w, https:\/\/mecom.dk\/wp-content\/uploads\/2026\/03\/1494347825-2048x1152.jpg 2048w\" sizes=\"auto, (max-width: 2560px) 100vw, 2560px\" \/><\/figure>\n\n\n\n<h4 class=\"wp-block-heading\">Lokalisering og gennemgang af indhold<\/h4>\n\n\n\n<p class=\"has-contrast-2-color has-text-color\" style=\"padding-bottom:var(--wp--preset--spacing--30)\">Gennemg\u00e5 og finpuds arabiske tekster for at sikre klarhed, tone og kulturel tilpasning p\u00e5 tv\u00e6rs af web-, marketing- og virksomhedsmaterialer.<\/p>\n\n\n\n<a class=\"wp-block-designsetgo-icon-button alignleft dsgo-icon-button wp-block-button wp-block-button__link wp-element-button dsgo-icon-button--fill-diagonal\" style=\"display:inline-flex;align-items:center;justify-content:center;gap:8px;width:auto;flex-direction:row-reverse\" href=\"\/da\/contact\/\" target=\"_self\"><span class=\"dsgo-icon-button__icon dsgo-lazy-icon\" style=\"display:flex;align-items:center;justify-content:center;width:20px;height:20px;flex-shrink:0\" data-icon-name=\"arrow-right\" data-icon-size=\"20\"><\/span><span class=\"dsgo-icon-button__text\">Anmod om en anmeldelse<\/span><\/a>\n<\/div><\/div>\n\n\n\n<div class=\"wp-block-designsetgo-section alignfull dsgo-stack has-dsgo-animation dsgo-animation-fadeInUp\" style=\"padding-top:0;padding-right:0;padding-bottom:0;padding-left:0\" data-dsgo-animation-enabled=\"true\" data-dsgo-entrance-animation=\"fadeInUp\" data-dsgo-animation-delay=\"200\"><div class=\"dsgo-stack__inner is-vertical is-content-justification-left is-layout-flex wp-container-designsetgo-section-is-layout-1a19eec0 wp-block-designsetgo-section-is-layout-flex\" style=\"max-width:var(--wp--style--global--content-size, 1140px);margin-left:auto;margin-right:auto\">\n<figure class=\"wp-block-image size-large\"><img loading=\"lazy\" decoding=\"async\" width=\"2120\" height=\"1414\" src=\"https:\/\/mecom.dk\/wp-content\/uploads\/2026\/03\/2236562392.jpg\" alt=\"Cross-cultural team meeting in a modern office\" class=\"wp-image-42\" style=\"aspect-ratio:4\/3;object-fit:cover\" srcset=\"https:\/\/mecom.dk\/wp-content\/uploads\/2026\/03\/2236562392.jpg 2120w, https:\/\/mecom.dk\/wp-content\/uploads\/2026\/03\/2236562392-300x200.jpg 300w, https:\/\/mecom.dk\/wp-content\/uploads\/2026\/03\/2236562392-1024x683.jpg 1024w, https:\/\/mecom.dk\/wp-content\/uploads\/2026\/03\/2236562392-768x512.jpg 768w, https:\/\/mecom.dk\/wp-content\/uploads\/2026\/03\/2236562392-1536x1024.jpg 1536w, https:\/\/mecom.dk\/wp-content\/uploads\/2026\/03\/2236562392-2048x1366.jpg 2048w\" sizes=\"auto, (max-width: 2120px) 100vw, 2120px\" \/><\/figure>\n\n\n\n<h4 class=\"wp-block-heading\">Tv\u00e6rkulturel r\u00e5dgivning<\/h4>\n\n\n\n<p class=\"has-contrast-2-color has-text-color\" style=\"padding-bottom:var(--wp--preset--spacing--30)\">Praktisk coaching og indsigt til at hj\u00e6lpe teams med at samarbejde gnidningsl\u00f8st og undg\u00e5 almindelige kulturelle fejltrin.<\/p>\n\n\n\n<a class=\"wp-block-designsetgo-icon-button alignleft dsgo-icon-button wp-block-button wp-block-button__link wp-element-button dsgo-icon-button--fill-diagonal\" style=\"display:inline-flex;align-items:center;justify-content:center;gap:8px;width:auto;flex-direction:row-reverse\" href=\"\/da\/contact\/\" target=\"_self\"><span class=\"dsgo-icon-button__icon dsgo-lazy-icon\" style=\"display:flex;align-items:center;justify-content:center;width:20px;height:20px;flex-shrink:0\" data-icon-name=\"arrow-right\" data-icon-size=\"20\"><\/span><span class=\"dsgo-icon-button__text\">Book en r\u00e5dgivningssamtale<\/span><\/a>\n<\/div><\/div>\n<\/div><\/div>\n<\/div><\/div>\n\n\n\n<div class=\"wp-block-group alignfull airo-section-5d3515b7-6f05-4796-98ac-6f2e47d2621d has-global-padding is-layout-constrained wp-block-group-is-layout-constrained\" style=\"padding-top:var(--wp--preset--spacing--70);padding-bottom:var(--wp--preset--spacing--70)\">\n<div class=\"wp-block-columns is-layout-flex wp-container-core-columns-is-layout-14cf5ab5 wp-block-columns-is-layout-flex\">\n<div class=\"wp-block-column is-vertically-aligned-top is-layout-flow wp-block-column-is-layout-flow\" style=\"flex-basis:40%\">\n<h6 class=\"wp-block-heading\">S\u00e5dan arbejder vi<\/h6>\n\n\n\n<h2 class=\"wp-block-heading\">En klar, ansvarlig proces<\/h2>\n\n\n\n<p>Vi holder projekterne strukturerede og gennemsigtige med dokumenterede beslutninger og forklarer sprogvalg, s\u00e5 interessenter kan godkende dem med tillid.<\/p>\n<\/div>\n\n\n\n<div class=\"wp-block-column is-vertically-aligned-top is-layout-flow wp-container-core-column-is-layout-119bc444 wp-block-column-is-layout-flow\" style=\"flex-basis:60%\">\n<div class=\"wp-block-group has-global-padding is-layout-constrained wp-container-core-group-is-layout-e0082cf6 wp-block-group-is-layout-constrained\">\n<h3 class=\"wp-block-heading\">1) Opdagelse og m\u00e5l<\/h3>\n\n\n\n<p>Vi afklarer m\u00e5lgrupper, kanaler, begr\u00e6nsninger og succeskriterier. Du f\u00e5r et kortfattet omfang og en tidslinje.<\/p>\n<\/div>\n\n\n\n<hr class=\"wp-block-separator has-alpha-channel-opacity\"\/>\n\n\n\n<div class=\"wp-block-group has-global-padding is-layout-constrained wp-container-core-group-is-layout-e0082cf6 wp-block-group-is-layout-constrained\">\n<h3 class=\"wp-block-heading\">2) Gennemgang og anbefalinger<\/h3>\n\n\n\n<p>Vi vurderer det arabiske indhold for klarhed, tone, terminologi og kulturel tilpasning og giver derefter handlingsanvisende anbefalinger og eksempler.<\/p>\n<\/div>\n\n\n\n<hr class=\"wp-block-separator has-alpha-channel-opacity\"\/>\n\n\n\n<div class=\"wp-block-group has-global-padding is-layout-constrained wp-container-core-group-is-layout-e0082cf6 wp-block-group-is-layout-constrained\">\n<h3 class=\"wp-block-heading\">3) St\u00f8tte til implementering<\/h3>\n\n\n\n<p>Vi samarbejder med dine skribenter, overs\u00e6ttere og interessenter om at gennemf\u00f8re \u00e6ndringer konsekvent p\u00e5 tv\u00e6rs af materialer.<\/p>\n<\/div>\n\n\n\n<hr class=\"wp-block-separator has-alpha-channel-opacity\"\/>\n\n\n\n<div class=\"wp-block-group has-global-padding is-layout-constrained wp-container-core-group-is-layout-e0082cf6 wp-block-group-is-layout-constrained\">\n<h3 class=\"wp-block-heading\">4) Kvalitetssikring<\/h3>\n\n\n\n<p>Endelig kontrol af konsistens, l\u00e6sbarhed og overensstemmelse med brandets tone - plus overleveringsnoter til fremtidige opdateringer.<\/p>\n<\/div>\n<\/div>\n<\/div>\n<\/div>\n\n\n\n<div class=\"wp-block-designsetgo-section alignfull dsgo-stack dsgo-stack--has-overlay airo-section-7e884604-d6a8-4484-b4ac-1b87e9c31596 has-base-color has-text-color has-link-color wp-elements-12b05c0ff983d960424f6c052a35c524 has-background\" style=\"padding-top:var(--wp--preset--spacing--70);padding-right:var(--wp--preset--spacing--30);padding-bottom:var(--wp--preset--spacing--70);padding-left:var(--wp--preset--spacing--30);--dsgo-overlay-color:var(--wp--preset--color--contrast);--dsgo-overlay-opacity:0.8;background-image:url(&apos;https:\/\/mecom.dk\/wp-content\/uploads\/2026\/03\/2242938876.jpg&apos;);background-size:cover;\"><div class=\"dsgo-stack__inner is-layout-flex wp-container-designsetgo-section-is-layout-5686d94d wp-block-designsetgo-section-is-layout-flex\" style=\"max-width:800px;margin-left:auto;margin-right:auto\">\n<h2 class=\"wp-block-heading has-text-align-center has-base-color has-text-color has-link-color has-dsgo-animation dsgo-animation-fadeIn wp-elements-e3b51d854f33ecc439cdba34d3b65143\" data-dsgo-animation-enabled=\"true\" data-dsgo-entrance-animation=\"fadeIn\">Er du klar til at styrke din arabiske kommunikation?<\/h2>\n\n\n\n<p class=\"has-text-align-center\">Fort\u00e6l os, hvad du arbejder med. Vi vil svare med de n\u00e6ste skridt og en klar anbefaling til den mest effektive st\u00f8tte.<\/p>\n\n\n\n<div class=\"wp-block-designsetgo-row alignfull dsgo-flex dsgo-no-width-constraint has-dsgo-animation dsgo-animation-fadeInUp\" style=\"padding-top:var(--wp--preset--spacing--40)\" data-dsgo-animation-enabled=\"true\" data-dsgo-entrance-animation=\"fadeInUp\" data-dsgo-animation-delay=\"100\"><div class=\"dsgo-flex__inner is-content-justification-center is-layout-flex wp-container-designsetgo-row-is-layout-ade7484e wp-block-designsetgo-row-is-layout-flex\" style=\"display:flex;justify-content:center;flex-wrap:wrap\">\n<a class=\"wp-block-designsetgo-icon-button dsgo-icon-button wp-block-button wp-block-button__link wp-element-button has-text-color has-background dsgo-icon-button--fill-diagonal\" style=\"display:inline-flex;align-items:center;justify-content:center;gap:8px;width:auto;flex-direction:row-reverse\" href=\"\/da\/contact\/\" target=\"_self\"><span class=\"dsgo-icon-button__icon dsgo-lazy-icon\" style=\"display:flex;align-items:center;justify-content:center;width:20px;height:20px;flex-shrink:0\" data-icon-name=\"arrow-right\" data-icon-size=\"20\"><\/span><span class=\"dsgo-icon-button__text\">Anmod om en konsultation<\/span><\/a>\n<\/div><\/div>\n<\/div><\/div>","protected":false},"excerpt":{"rendered":"<p>Services Arabic communication support for teams working across the Middle East We help organisations communicate clearly in Arabic, align tone with brand intent, and navigate cultural nuance\u2014so your message lands with credibility and respect. How we work A clear, accountable process We keep projects structured and transparent, with decisions documented and language choices explained\u2014so stakeholders [&hellip;]<\/p>\n","protected":false},"author":1,"featured_media":0,"parent":0,"menu_order":0,"comment_status":"closed","ping_status":"closed","template":"","meta":{"_coblocks_attr":"","_coblocks_dimensions":"","_coblocks_responsive_height":"","_coblocks_accordion_ie_support":"","dsgo_overlay_header":false,"dsgo_overlay_header_text_color":"","dsgo_overlay_skip_top_bar":false,"_designsetgo_exclude_llms":false,"footnotes":""},"class_list":["post-70","page","type-page","status-publish","hentry"],"yoast_head":"<!-- This site is optimized with the Yoast SEO plugin v27.5 - https:\/\/yoast.com\/product\/yoast-seo-wordpress\/ -->\n<title>Services - Middle East Communication ApS<\/title>\n<meta name=\"robots\" content=\"index, follow, max-snippet:-1, max-image-preview:large, max-video-preview:-1\" \/>\n<link rel=\"canonical\" href=\"https:\/\/mecom.dk\/da\/services\/\" \/>\n<meta property=\"og:locale\" content=\"da_DK\" \/>\n<meta property=\"og:type\" content=\"article\" \/>\n<meta property=\"og:title\" content=\"Services - Middle East Communication ApS\" \/>\n<meta property=\"og:description\" content=\"Services Arabic communication support for teams working across the Middle East We help organisations communicate clearly in Arabic, align tone with brand intent, and navigate cultural nuance\u2014so your message lands with credibility and respect. How we work A clear, accountable process We keep projects structured and transparent, with decisions documented and language choices explained\u2014so stakeholders [&hellip;]\" \/>\n<meta property=\"og:url\" content=\"https:\/\/mecom.dk\/da\/services\/\" \/>\n<meta property=\"og:site_name\" content=\"Middle East Communication ApS\" \/>\n<meta property=\"article:modified_time\" content=\"2026-04-10T11:09:55+00:00\" \/>\n<meta property=\"og:image\" content=\"https:\/\/mecom.dk\/wp-content\/uploads\/2026\/03\/2256067925.jpg\" \/>\n\t<meta property=\"og:image:width\" content=\"2121\" \/>\n\t<meta property=\"og:image:height\" content=\"1414\" \/>\n\t<meta property=\"og:image:type\" content=\"image\/jpeg\" \/>\n<meta name=\"twitter:card\" content=\"summary_large_image\" \/>\n<meta name=\"twitter:label1\" content=\"Estimeret l\u00e6setid\" \/>\n\t<meta name=\"twitter:data1\" content=\"2 minutter\" \/>\n<script type=\"application\/ld+json\" class=\"yoast-schema-graph\">{\"@context\":\"https:\\\/\\\/schema.org\",\"@graph\":[{\"@type\":\"WebPage\",\"@id\":\"https:\\\/\\\/mecom.dk\\\/services\\\/\",\"url\":\"https:\\\/\\\/mecom.dk\\\/services\\\/\",\"name\":\"Services - Middle East Communication ApS\",\"isPartOf\":{\"@id\":\"https:\\\/\\\/mecom.dk\\\/#website\"},\"primaryImageOfPage\":{\"@id\":\"https:\\\/\\\/mecom.dk\\\/services\\\/#primaryimage\"},\"image\":{\"@id\":\"https:\\\/\\\/mecom.dk\\\/services\\\/#primaryimage\"},\"thumbnailUrl\":\"https:\\\/\\\/mecom.dk\\\/wp-content\\\/uploads\\\/2026\\\/03\\\/2256067925.jpg\",\"datePublished\":\"2026-03-22T09:27:08+00:00\",\"dateModified\":\"2026-04-10T11:09:55+00:00\",\"breadcrumb\":{\"@id\":\"https:\\\/\\\/mecom.dk\\\/services\\\/#breadcrumb\"},\"inLanguage\":\"da-DK\",\"potentialAction\":[{\"@type\":\"ReadAction\",\"target\":[\"https:\\\/\\\/mecom.dk\\\/services\\\/\"]}]},{\"@type\":\"ImageObject\",\"inLanguage\":\"da-DK\",\"@id\":\"https:\\\/\\\/mecom.dk\\\/services\\\/#primaryimage\",\"url\":\"https:\\\/\\\/mecom.dk\\\/wp-content\\\/uploads\\\/2026\\\/03\\\/2256067925.jpg\",\"contentUrl\":\"https:\\\/\\\/mecom.dk\\\/wp-content\\\/uploads\\\/2026\\\/03\\\/2256067925.jpg\"},{\"@type\":\"BreadcrumbList\",\"@id\":\"https:\\\/\\\/mecom.dk\\\/services\\\/#breadcrumb\",\"itemListElement\":[{\"@type\":\"ListItem\",\"position\":1,\"name\":\"Home\",\"item\":\"https:\\\/\\\/mecom.dk\\\/\"},{\"@type\":\"ListItem\",\"position\":2,\"name\":\"Services\"}]},{\"@type\":\"WebSite\",\"@id\":\"https:\\\/\\\/mecom.dk\\\/#website\",\"url\":\"https:\\\/\\\/mecom.dk\\\/\",\"name\":\"Middle East Communication ApS\",\"description\":\"Arabic-language consultancy helping organizations communicate clearly, bridge cultures, and build trust across markets.\",\"potentialAction\":[{\"@type\":\"SearchAction\",\"target\":{\"@type\":\"EntryPoint\",\"urlTemplate\":\"https:\\\/\\\/mecom.dk\\\/?s={search_term_string}\"},\"query-input\":{\"@type\":\"PropertyValueSpecification\",\"valueRequired\":true,\"valueName\":\"search_term_string\"}}],\"inLanguage\":\"da-DK\"}]}<\/script>\n<!-- \/ Yoast SEO plugin. -->","yoast_head_json":{"title":"Tjenester - Middle East Communication ApS","robots":{"index":"index","follow":"follow","max-snippet":"max-snippet:-1","max-image-preview":"max-image-preview:large","max-video-preview":"max-video-preview:-1"},"canonical":"https:\/\/mecom.dk\/da\/services\/","og_locale":"da_DK","og_type":"article","og_title":"Services - Middle East Communication ApS","og_description":"Services Arabic communication support for teams working across the Middle East We help organisations communicate clearly in Arabic, align tone with brand intent, and navigate cultural nuance\u2014so your message lands with credibility and respect. How we work A clear, accountable process We keep projects structured and transparent, with decisions documented and language choices explained\u2014so stakeholders [&hellip;]","og_url":"https:\/\/mecom.dk\/da\/services\/","og_site_name":"Middle East Communication ApS","article_modified_time":"2026-04-10T11:09:55+00:00","og_image":[{"width":2121,"height":1414,"url":"https:\/\/mecom.dk\/wp-content\/uploads\/2026\/03\/2256067925.jpg","type":"image\/jpeg"}],"twitter_card":"summary_large_image","twitter_misc":{"Estimeret l\u00e6setid":"2 minutter"},"schema":{"@context":"https:\/\/schema.org","@graph":[{"@type":"WebPage","@id":"https:\/\/mecom.dk\/services\/","url":"https:\/\/mecom.dk\/services\/","name":"Tjenester - Middle East Communication ApS","isPartOf":{"@id":"https:\/\/mecom.dk\/#website"},"primaryImageOfPage":{"@id":"https:\/\/mecom.dk\/services\/#primaryimage"},"image":{"@id":"https:\/\/mecom.dk\/services\/#primaryimage"},"thumbnailUrl":"https:\/\/mecom.dk\/wp-content\/uploads\/2026\/03\/2256067925.jpg","datePublished":"2026-03-22T09:27:08+00:00","dateModified":"2026-04-10T11:09:55+00:00","breadcrumb":{"@id":"https:\/\/mecom.dk\/services\/#breadcrumb"},"inLanguage":"da-DK","potentialAction":[{"@type":"ReadAction","target":["https:\/\/mecom.dk\/services\/"]}]},{"@type":"ImageObject","inLanguage":"da-DK","@id":"https:\/\/mecom.dk\/services\/#primaryimage","url":"https:\/\/mecom.dk\/wp-content\/uploads\/2026\/03\/2256067925.jpg","contentUrl":"https:\/\/mecom.dk\/wp-content\/uploads\/2026\/03\/2256067925.jpg"},{"@type":"BreadcrumbList","@id":"https:\/\/mecom.dk\/services\/#breadcrumb","itemListElement":[{"@type":"ListItem","position":1,"name":"Home","item":"https:\/\/mecom.dk\/"},{"@type":"ListItem","position":2,"name":"Services"}]},{"@type":"WebSite","@id":"https:\/\/mecom.dk\/#website","url":"https:\/\/mecom.dk\/","name":"Middle East Communication ApS","description":"Arabisksproget konsulentvirksomhed, der hj\u00e6lper organisationer med at kommunikere klart, bygge bro mellem kulturer og opbygge tillid p\u00e5 tv\u00e6rs af markeder.","potentialAction":[{"@type":"SearchAction","target":{"@type":"EntryPoint","urlTemplate":"https:\/\/mecom.dk\/?s={search_term_string}"},"query-input":{"@type":"PropertyValueSpecification","valueRequired":true,"valueName":"search_term_string"}}],"inLanguage":"da-DK"}]}},"_links":{"self":[{"href":"https:\/\/mecom.dk\/da\/wp-json\/wp\/v2\/pages\/70","targetHints":{"allow":["GET"]}}],"collection":[{"href":"https:\/\/mecom.dk\/da\/wp-json\/wp\/v2\/pages"}],"about":[{"href":"https:\/\/mecom.dk\/da\/wp-json\/wp\/v2\/types\/page"}],"author":[{"embeddable":true,"href":"https:\/\/mecom.dk\/da\/wp-json\/wp\/v2\/users\/1"}],"replies":[{"embeddable":true,"href":"https:\/\/mecom.dk\/da\/wp-json\/wp\/v2\/comments?post=70"}],"version-history":[{"count":2,"href":"https:\/\/mecom.dk\/da\/wp-json\/wp\/v2\/pages\/70\/revisions"}],"predecessor-version":[{"id":89,"href":"https:\/\/mecom.dk\/da\/wp-json\/wp\/v2\/pages\/70\/revisions\/89"}],"wp:attachment":[{"href":"https:\/\/mecom.dk\/da\/wp-json\/wp\/v2\/media?parent=70"}],"curies":[{"name":"wp","href":"https:\/\/api.w.org\/{rel}","templated":true}]}}