{"id":59,"date":"2026-03-22T09:26:38","date_gmt":"2026-03-22T09:26:38","guid":{"rendered":"https:\/\/mecom.dk\/contact\/"},"modified":"2026-05-04T09:42:13","modified_gmt":"2026-05-04T09:42:13","slug":"contact","status":"publish","type":"page","link":"https:\/\/mecom.dk\/da\/contact\/","title":{"rendered":"Kontakt"},"content":{"rendered":"<div class=\"wp-block-designsetgo-section alignfull dsgo-stack airo-section-8ff16627-2b80-4a15-b374-1b62deee73e6 has-base-color has-contrast-background-color has-text-color has-background has-link-color wp-elements-f372183224cfec48769ccb9ef0dc0d6e\" style=\"padding-top:var(--wp--preset--spacing--80);padding-right:var(--wp--preset--spacing--30);padding-bottom:var(--wp--preset--spacing--80);padding-left:var(--wp--preset--spacing--30)\"><div class=\"dsgo-stack__inner is-layout-flex wp-container-designsetgo-section-is-layout-f9661800 wp-block-designsetgo-section-is-layout-flex\" style=\"max-width:var(--wp--style--global--content-size, 1140px);margin-left:auto;margin-right:auto\">\n<div class=\"wp-block-designsetgo-grid alignfull dsgo-grid dsgo-grid-cols-2 dsgo-grid-cols-tablet-2 dsgo-grid-cols-mobile-1 dsgo-no-width-constraint\" style=\"padding-top:0;padding-right:0;padding-bottom:0;padding-left:0\"><div class=\"dsgo-grid__inner is-layout-flow wp-container-designsetgo-grid-is-layout-5c863564 wp-block-designsetgo-grid-is-layout-flow\" style=\"display:grid;grid-template-columns:repeat(2, 1fr);align-items:center;row-gap:var(--wp--preset--spacing--70);column-gap:var(--wp--preset--spacing--70)\">\n<div class=\"wp-block-designsetgo-section alignfull dsgo-stack has-dsgo-animation dsgo-animation-fadeInLeft\" style=\"padding-top:0;padding-right:0;padding-bottom:0;padding-left:0\" data-dsgo-animation-enabled=\"true\" data-dsgo-entrance-animation=\"fadeInLeft\"><div class=\"dsgo-stack__inner is-layout-flex wp-container-designsetgo-section-is-layout-8ca27fd8 wp-block-designsetgo-section-is-layout-flex\" style=\"max-width:var(--wp--style--global--content-size, 1140px);margin-left:auto;margin-right:auto\">\n<h2 class=\"wp-block-heading has-base-color has-text-color has-link-color wp-elements-b29f236faf98aa051aa96c6effa7616c\">Kontakt Middle East Communication ApS<\/h2>\n\n\n\n<p style=\"margin-top:var(--wp--preset--spacing--20)\">For foresp\u00f8rgsler, forslag eller en f\u00f8rste samtale, brug venligst formularen eller kontakt os direkte ved hj\u00e6lp af nedenst\u00e5ende oplysninger.<\/p>\n\n\n\n<div class=\"wp-block-designsetgo-section alignfull dsgo-stack\" style=\"padding-top:var(--wp--preset--spacing--30)\"><div class=\"dsgo-stack__inner is-layout-flex wp-container-designsetgo-section-is-layout-31c23b7f wp-block-designsetgo-section-is-layout-flex\" style=\"max-width:var(--wp--style--global--content-size, 1140px);margin-left:auto;margin-right:auto\">\n<div class=\"wp-block-designsetgo-row alignfull dsgo-flex dsgo-no-width-constraint\" style=\"padding-top:0;padding-right:0;padding-bottom:0;padding-left:0\"><div class=\"dsgo-flex__inner is-nowrap is-layout-flex wp-container-designsetgo-row-is-layout-bcde1d39 wp-block-designsetgo-row-is-layout-flex\" style=\"display:flex;justify-content:left;flex-wrap:nowrap\">\n<div class=\"wp-block-designsetgo-icon dsgo-icon\" style=\"display:flex;align-items:center;justify-content:center\"><div class=\"dsgo-icon__wrapper dsgo-lazy-icon\" style=\"width:32px;height:32px;display:inline-flex;align-items:center;justify-content:center;border-radius:inherit\" data-icon-name=\"location\" data-icon-style=\"filled\" data-icon-stroke-width=\"1.5\" role=\"img\" aria-label=\"Sted\"><\/div><\/div>\n\n\n\n<p>K\u00f8benhavn, Danmark (fjernsupport tilg\u00e6ngelig)<\/p>\n<\/div><\/div>\n\n\n\n<div class=\"wp-block-designsetgo-row alignfull dsgo-flex dsgo-no-width-constraint\" style=\"padding-top:0;padding-right:0;padding-bottom:0;padding-left:0\"><div class=\"dsgo-flex__inner is-nowrap is-layout-flex wp-container-designsetgo-row-is-layout-bcde1d39 wp-block-designsetgo-row-is-layout-flex\" style=\"display:flex;justify-content:left;flex-wrap:nowrap\">\n<div class=\"wp-block-designsetgo-icon dsgo-icon\" style=\"display:flex;align-items:center;justify-content:center\"><div class=\"dsgo-icon__wrapper dsgo-lazy-icon\" style=\"width:32px;height:32px;display:inline-flex;align-items:center;justify-content:center;border-radius:inherit\" data-icon-name=\"location\" data-icon-style=\"filled\" data-icon-stroke-width=\"1.5\" role=\"img\" aria-label=\"Adresse\"><\/div><\/div>\n\n\n\n<p>Frederiksborggade 15, 3, 1360 K\u00f8benhavn K<\/p>\n<\/div><\/div>\n\n\n\n<div class=\"wp-block-designsetgo-row alignfull dsgo-flex dsgo-no-width-constraint\" style=\"padding-top:0;padding-right:0;padding-bottom:0;padding-left:0\"><div class=\"dsgo-flex__inner is-nowrap is-layout-flex wp-container-designsetgo-row-is-layout-bcde1d39 wp-block-designsetgo-row-is-layout-flex\" style=\"display:flex;justify-content:left;flex-wrap:nowrap\">\n<div class=\"wp-block-designsetgo-icon dsgo-icon\" style=\"display:flex;align-items:center;justify-content:center\"><div class=\"dsgo-icon__wrapper dsgo-lazy-icon\" style=\"width:32px;height:32px;display:inline-flex;align-items:center;justify-content:center;border-radius:inherit\" data-icon-name=\"document\" data-icon-style=\"filled\" data-icon-stroke-width=\"1.5\" role=\"img\" aria-label=\"CVR\"><\/div><\/div>\n\n\n\n<p>CVR: DK46053346<\/p>\n<\/div><\/div>\n\n\n\n<div class=\"wp-block-designsetgo-row alignfull dsgo-flex dsgo-no-width-constraint\" style=\"padding-top:0;padding-right:0;padding-bottom:0;padding-left:0\"><div class=\"dsgo-flex__inner is-nowrap is-layout-flex wp-container-designsetgo-row-is-layout-bcde1d39 wp-block-designsetgo-row-is-layout-flex\" style=\"display:flex;justify-content:left;flex-wrap:nowrap\">\n<div class=\"wp-block-designsetgo-icon dsgo-icon\" style=\"display:flex;align-items:center;justify-content:center\"><div class=\"dsgo-icon__wrapper dsgo-lazy-icon\" style=\"width:32px;height:32px;display:inline-flex;align-items:center;justify-content:center;border-radius:inherit\" data-icon-name=\"phone\" data-icon-style=\"filled\" data-icon-stroke-width=\"1.5\" role=\"img\" aria-label=\"Telefon\"><\/div><\/div>\n\n\n\n<p>+45 28443366<\/p>\n<\/div><\/div>\n\n\n\n<div class=\"wp-block-designsetgo-row alignfull dsgo-flex dsgo-no-width-constraint\" style=\"padding-top:0;padding-right:0;padding-bottom:0;padding-left:0\"><div class=\"dsgo-flex__inner is-nowrap is-layout-flex wp-container-designsetgo-row-is-layout-bcde1d39 wp-block-designsetgo-row-is-layout-flex\" style=\"display:flex;justify-content:left;flex-wrap:nowrap\">\n<div class=\"wp-block-designsetgo-icon dsgo-icon\" style=\"display:flex;align-items:center;justify-content:center\"><div class=\"dsgo-icon__wrapper dsgo-lazy-icon\" style=\"width:32px;height:32px;display:inline-flex;align-items:center;justify-content:center;border-radius:inherit\" data-icon-name=\"envelope\" data-icon-style=\"filled\" data-icon-stroke-width=\"1.5\" role=\"img\" aria-label=\"Konvolut\"><\/div><\/div>\n\n\n\n<p><a href=\"mailto:chadi@mecom.dk\">contact@middleeastcommunication.com<\/a><\/p>\n<\/div><\/div>\n\n\n\n<div class=\"wp-block-designsetgo-row alignfull dsgo-flex dsgo-no-width-constraint\" style=\"padding-top:0;padding-right:0;padding-bottom:0;padding-left:0\"><div class=\"dsgo-flex__inner is-nowrap is-layout-flex wp-container-designsetgo-row-is-layout-bcde1d39 wp-block-designsetgo-row-is-layout-flex\" style=\"display:flex;justify-content:left;flex-wrap:nowrap\">\n<div class=\"wp-block-designsetgo-icon dsgo-icon\" style=\"display:flex;align-items:center;justify-content:center\"><div class=\"dsgo-icon__wrapper dsgo-lazy-icon\" style=\"width:32px;height:32px;display:inline-flex;align-items:center;justify-content:center;border-radius:inherit\" data-icon-name=\"clock\" data-icon-style=\"filled\" data-icon-stroke-width=\"1.5\" role=\"img\" aria-label=\"Ur\"><\/div><\/div>\n\n\n\n<p>Mandag\u2013fredag: 08:00\u201317:00 (CET)<\/p>\n<\/div><\/div>\n<\/div><\/div>\n<\/div><\/div>\n\n\n\n<div class=\"wp-block-designsetgo-section alignfull dsgo-stack\" style=\"padding-top:0;padding-right:0;padding-bottom:0;padding-left:0\"><div class=\"dsgo-stack__inner is-layout-flex wp-container-designsetgo-section-is-layout-8ca27fd8 wp-block-designsetgo-section-is-layout-flex\" style=\"max-width:var(--wp--style--global--content-size, 1140px);margin-left:auto;margin-right:auto\">\n<div class=\"wp-block-designsetgo-section alignfull dsgo-stack has-contrast-color has-base-background-color has-text-color has-background has-link-color has-dsgo-animation dsgo-animation-fadeInRight wp-elements-1abf6309d534ff4328790a869dd044d2\" style=\"border-radius:8px;padding-top:var(--wp--preset--spacing--40);padding-right:var(--wp--preset--spacing--40);padding-bottom:var(--wp--preset--spacing--40);padding-left:var(--wp--preset--spacing--40)\" data-dsgo-animation-enabled=\"true\" data-dsgo-entrance-animation=\"fadeInRight\"><div class=\"dsgo-stack__inner is-layout-flex wp-container-designsetgo-section-is-layout-db2364fe wp-block-designsetgo-section-is-layout-flex\" style=\"max-width:var(--wp--style--global--content-size, 1140px);margin-left:auto;margin-right:auto\">\n<h3 class=\"wp-block-heading\">Anmod om en konsultation<\/h3>\n\n\n\n<div class=\"wp-block-designsetgo-form-builder dsgo-form-builder dsgo-form-builder--align-left dsgo-form\" style=\"padding-top:var(--wp--preset--spacing--40);--dsgo-form-field-spacing:1rem;--dsgo-form-input-height:44px;--dsgo-form-input-padding:1rem;--dsgo-form-border-color:#d1d5db\" data-form-id=\"contact-professional\" data-ajax-submit=\"true\" data-success-message=\"Thank you! Your form has been submitted successfully.\" data-error-message=\"There was an error submitting the form. Please try again.\" data-submit-text=\"Submit\"><form class=\"dsgo-form\" method=\"post\" novalidate action=\"\"><div class=\"dsgo-form__fields\">\n<div class=\"wp-block-designsetgo-form-text-field dsgo-form-field dsgo-form-field--text\" style=\"flex-basis:100%;max-width:100%\"><label for=\"field-field_117fc518\" class=\"dsgo-form-field__label\">Fuldt navn<span class=\"dsgo-form-field__required\" aria-label=\"p\u00e5kr\u00e6vet\">*<\/span><\/label><input type=\"text\" id=\"field-field_117fc518\" name=\"field_117fc518\" class=\"dsgo-form-field__input\" placeholder=\"John Smith\" required data-field-type=\"text\" \/><\/div>\n\n\n\n<div class=\"wp-block-designsetgo-form-email-field dsgo-form-field dsgo-form-field--email\" style=\"flex-basis:100%;max-width:100%\"><label for=\"field-field_ecbc26c5\" class=\"dsgo-form-field__label\">E-mailadresse<span class=\"dsgo-form-field__required\" aria-label=\"p\u00e5kr\u00e6vet\">*<\/span><\/label><input type=\"email\" id=\"field-field_ecbc26c5\" name=\"field_ecbc26c5\" class=\"dsgo-form-field__input\" placeholder=\"john@example.com\" required data-field-type=\"email\" \/><\/div>\n\n\n\n<div class=\"wp-block-designsetgo-form-phone-field dsgo-form-field dsgo-form-field--phone\" style=\"flex-basis:100%;max-width:100%\"><label for=\"field-phone-06f19e94\" class=\"dsgo-form-field__label\">Telefonnummer<\/label><div class=\"dsgo-form-field__phone-wrapper\" style=\"display:flex;gap:0.5rem\" data-auto-format=\"true\"><select name=\"phone-06f19e94_country_code\" class=\"dsgo-form-field__country-code\" data-dsgo-country-code=\"+45\" style=\"min-width:85px;flex-shrink:0\"><\/select><input type=\"tel\" id=\"field-phone-06f19e94\" name=\"phone-06f19e94\" class=\"dsgo-form-field__input\" placeholder=\"+45 28 44 33 66\" data-field-type=\"tel\" data-phone-format=\"any\" style=\"flex:1\" \/><\/div><\/div>\n\n\n\n<div class=\"wp-block-designsetgo-form-select-field dsgo-form-field dsgo-form-field--select\" style=\"flex-basis:100%;max-width:100%\"><label for=\"field-select-258d56a6\" class=\"dsgo-form-field__label\">Hvordan kan vi hj\u00e6lpe?<\/label><select id=\"field-select-258d56a6\" name=\"select-258d56a6\" class=\"dsgo-form-field__select\" data-field-type=\"select\"><option value=\"\">- V\u00e6lg en valgmulighed<\/option><option value=\"strategy\">Arabisk kommunikationsstrategi<\/option><option value=\"localisation\">Lokalisering og gennemgang af indhold<\/option><option value=\"advisory\">Tv\u00e6rkulturel r\u00e5dgivning<\/option><option value=\"training\">Interkulturel tr\u00e6ning<\/option><option value=\"translation\">R\u00e5dgivning om overs\u00e6ttelse<\/option><option value=\"other\">Andet\/ikke sikker<\/option><\/select><\/div>\n\n\n\n<div class=\"wp-block-designsetgo-form-textarea-field dsgo-form-field dsgo-form-field--textarea wp-block-designsetgo-form-textarea\" style=\"flex-basis:100%;max-width:100%\"><label for=\"field-field_79b62438\" class=\"dsgo-form-field__label\">Kort beskrivelse af din sag<\/label><textarea id=\"field-field_79b62438\" name=\"field_79b62438\" class=\"dsgo-form-field__textarea\" placeholder=\"Beskriv kort, hvordan vi kan hj\u00e6lpe dig...\" rows=\"4\" data-field-type=\"textarea\"><\/textarea><\/div>\n<\/div><input type=\"text\" name=\"dsg_website\" value=\"\" tabindex=\"-1\" autocomplete=\"off\" style=\"position:absolute;left:-9999px;width:1px;height:1px;overflow:hidden\" \/><input type=\"hidden\" name=\"dsg_form_id\" value=\"contact-professional\" \/><div class=\"dsgo-form__footer\"><button type=\"submit\" class=\"dsgo-form__submit wp-element-button dsgo-form__submit--fill-diagonal\" style=\"min-height:44px;padding-top:0.75rem;padding-bottom:0.75rem;padding-left:2rem;padding-right:2rem\">Indsend<\/button><\/div><div class=\"dsgo-form__message\" role=\"status\" aria-live=\"polite\" style=\"display:none\"><\/div><input type=\"hidden\" name=\"trp-form-language\" value=\"da\"\/><\/form><\/div>\n<\/div><\/div>\n<\/div><\/div>\n<\/div><\/div>\n<\/div><\/div>\n\n\n\n<div class=\"wp-block-group is-style-section-1 airo-section-23674095-c1cb-4206-a07f-a3f797e87c6e has-global-padding is-layout-constrained wp-container-core-group-is-layout-16c869d7 wp-block-group-is-layout-constrained is-style-section-1--1\" style=\"border-radius:20px;margin-top:var(--wp--preset--spacing--60);margin-bottom:var(--wp--preset--spacing--60);padding-top:var(--wp--preset--spacing--50);padding-bottom:var(--wp--preset--spacing--50)\">\n<div class=\"wp-block-group is-layout-flow wp-block-group-is-layout-flow\">\n<h2 class=\"wp-block-heading has-text-align-center\">\n      Foretr\u00e6kker du e-mail?\n    <\/h2>\n\n\n\n<p class=\"has-text-align-center\">Skriv til <a href=\"mailto:contact@middleeastcommunication.com\">contact@middleeastcommunication.com<\/a> og inkluderer din m\u00e5lgruppe, indholdstype og tidslinje.<\/p>\n\n\n\n<div class=\"wp-block-buttons is-content-justification-center is-layout-flex wp-container-core-buttons-is-layout-a89b3969 wp-block-buttons-is-layout-flex\">\n<div class=\"wp-block-button\"><a class=\"wp-block-button__link wp-element-button\" href=\"mailto:contact@middleeastcommunication.com\">Send os en e-mail<\/a><\/div>\n<\/div>\n<\/div>\n<\/div>","protected":false},"excerpt":{"rendered":"<p>Foretr\u00e6kker du e-mail? Skriv til contact@middleeastcommunication.com og angiv din m\u00e5lgruppe, indholdstype og tidslinje.<\/p>","protected":false},"author":1,"featured_media":0,"parent":0,"menu_order":0,"comment_status":"closed","ping_status":"closed","template":"","meta":{"_coblocks_attr":"","_coblocks_dimensions":"","_coblocks_responsive_height":"","_coblocks_accordion_ie_support":"","dsgo_overlay_header":false,"dsgo_overlay_header_text_color":"","dsgo_overlay_skip_top_bar":false,"_designsetgo_exclude_llms":false,"footnotes":""},"class_list":["post-59","page","type-page","status-publish","hentry"],"yoast_head":"<!-- This site is optimized with the Yoast SEO plugin v27.5 - https:\/\/yoast.com\/product\/yoast-seo-wordpress\/ -->\n<title>Contact - Middle East Communication ApS<\/title>\n<meta name=\"robots\" content=\"index, follow, max-snippet:-1, max-image-preview:large, max-video-preview:-1\" \/>\n<link rel=\"canonical\" href=\"https:\/\/mecom.dk\/da\/contact\/\" \/>\n<meta property=\"og:locale\" content=\"da_DK\" \/>\n<meta property=\"og:type\" content=\"article\" \/>\n<meta property=\"og:title\" content=\"Contact - Middle East Communication ApS\" \/>\n<meta property=\"og:description\" content=\"Prefer email? Write to contact@middleeastcommunication.com and include your target market, content type, and timeline.\" \/>\n<meta property=\"og:url\" content=\"https:\/\/mecom.dk\/da\/contact\/\" \/>\n<meta property=\"og:site_name\" content=\"Middle East Communication ApS\" \/>\n<meta property=\"article:modified_time\" content=\"2026-05-04T09:42:13+00:00\" \/>\n<meta name=\"twitter:card\" content=\"summary_large_image\" \/>\n<meta name=\"twitter:label1\" content=\"Estimeret l\u00e6setid\" \/>\n\t<meta name=\"twitter:data1\" content=\"1 minut\" \/>\n<script type=\"application\/ld+json\" class=\"yoast-schema-graph\">{\"@context\":\"https:\\\/\\\/schema.org\",\"@graph\":[{\"@type\":\"WebPage\",\"@id\":\"https:\\\/\\\/mecom.dk\\\/contact\\\/\",\"url\":\"https:\\\/\\\/mecom.dk\\\/contact\\\/\",\"name\":\"Contact - Middle East Communication ApS\",\"isPartOf\":{\"@id\":\"https:\\\/\\\/mecom.dk\\\/#website\"},\"datePublished\":\"2026-03-22T09:26:38+00:00\",\"dateModified\":\"2026-05-04T09:42:13+00:00\",\"breadcrumb\":{\"@id\":\"https:\\\/\\\/mecom.dk\\\/contact\\\/#breadcrumb\"},\"inLanguage\":\"da-DK\",\"potentialAction\":[{\"@type\":\"ReadAction\",\"target\":[\"https:\\\/\\\/mecom.dk\\\/contact\\\/\"]}]},{\"@type\":\"BreadcrumbList\",\"@id\":\"https:\\\/\\\/mecom.dk\\\/contact\\\/#breadcrumb\",\"itemListElement\":[{\"@type\":\"ListItem\",\"position\":1,\"name\":\"Home\",\"item\":\"https:\\\/\\\/mecom.dk\\\/\"},{\"@type\":\"ListItem\",\"position\":2,\"name\":\"Contact\"}]},{\"@type\":\"WebSite\",\"@id\":\"https:\\\/\\\/mecom.dk\\\/#website\",\"url\":\"https:\\\/\\\/mecom.dk\\\/\",\"name\":\"Middle East Communication ApS\",\"description\":\"Arabic-language consultancy helping organizations communicate clearly, bridge cultures, and build trust across markets.\",\"potentialAction\":[{\"@type\":\"SearchAction\",\"target\":{\"@type\":\"EntryPoint\",\"urlTemplate\":\"https:\\\/\\\/mecom.dk\\\/?s={search_term_string}\"},\"query-input\":{\"@type\":\"PropertyValueSpecification\",\"valueRequired\":true,\"valueName\":\"search_term_string\"}}],\"inLanguage\":\"da-DK\"}]}<\/script>\n<!-- \/ Yoast SEO plugin. -->","yoast_head_json":{"title":"Kontakt - Middle East Communication ApS","robots":{"index":"index","follow":"follow","max-snippet":"max-snippet:-1","max-image-preview":"max-image-preview:large","max-video-preview":"max-video-preview:-1"},"canonical":"https:\/\/mecom.dk\/da\/contact\/","og_locale":"da_DK","og_type":"article","og_title":"Contact - Middle East Communication ApS","og_description":"Prefer email? Write to contact@middleeastcommunication.com and include your target market, content type, and timeline.","og_url":"https:\/\/mecom.dk\/da\/contact\/","og_site_name":"Middle East Communication ApS","article_modified_time":"2026-05-04T09:42:13+00:00","twitter_card":"summary_large_image","twitter_misc":{"Estimeret l\u00e6setid":"1 minut"},"schema":{"@context":"https:\/\/schema.org","@graph":[{"@type":"WebPage","@id":"https:\/\/mecom.dk\/contact\/","url":"https:\/\/mecom.dk\/contact\/","name":"Kontakt - Middle East Communication ApS","isPartOf":{"@id":"https:\/\/mecom.dk\/#website"},"datePublished":"2026-03-22T09:26:38+00:00","dateModified":"2026-05-04T09:42:13+00:00","breadcrumb":{"@id":"https:\/\/mecom.dk\/contact\/#breadcrumb"},"inLanguage":"da-DK","potentialAction":[{"@type":"ReadAction","target":["https:\/\/mecom.dk\/contact\/"]}]},{"@type":"BreadcrumbList","@id":"https:\/\/mecom.dk\/contact\/#breadcrumb","itemListElement":[{"@type":"ListItem","position":1,"name":"Home","item":"https:\/\/mecom.dk\/"},{"@type":"ListItem","position":2,"name":"Contact"}]},{"@type":"WebSite","@id":"https:\/\/mecom.dk\/#website","url":"https:\/\/mecom.dk\/","name":"Middle East Communication ApS","description":"Arabisksproget konsulentvirksomhed, der hj\u00e6lper organisationer med at kommunikere klart, bygge bro mellem kulturer og opbygge tillid p\u00e5 tv\u00e6rs af markeder.","potentialAction":[{"@type":"SearchAction","target":{"@type":"EntryPoint","urlTemplate":"https:\/\/mecom.dk\/?s={search_term_string}"},"query-input":{"@type":"PropertyValueSpecification","valueRequired":true,"valueName":"search_term_string"}}],"inLanguage":"da-DK"}]}},"_links":{"self":[{"href":"https:\/\/mecom.dk\/da\/wp-json\/wp\/v2\/pages\/59","targetHints":{"allow":["GET"]}}],"collection":[{"href":"https:\/\/mecom.dk\/da\/wp-json\/wp\/v2\/pages"}],"about":[{"href":"https:\/\/mecom.dk\/da\/wp-json\/wp\/v2\/types\/page"}],"author":[{"embeddable":true,"href":"https:\/\/mecom.dk\/da\/wp-json\/wp\/v2\/users\/1"}],"replies":[{"embeddable":true,"href":"https:\/\/mecom.dk\/da\/wp-json\/wp\/v2\/comments?post=59"}],"version-history":[{"count":27,"href":"https:\/\/mecom.dk\/da\/wp-json\/wp\/v2\/pages\/59\/revisions"}],"predecessor-version":[{"id":146,"href":"https:\/\/mecom.dk\/da\/wp-json\/wp\/v2\/pages\/59\/revisions\/146"}],"wp:attachment":[{"href":"https:\/\/mecom.dk\/da\/wp-json\/wp\/v2\/media?parent=59"}],"curies":[{"name":"wp","href":"https:\/\/api.w.org\/{rel}","templated":true}]}}